{"id":3806,"date":"2020-04-12T10:50:04","date_gmt":"2020-04-12T08:50:04","guid":{"rendered":"https:\/\/steelelement.ee\/?page_id=3806"},"modified":"2026-04-28T22:00:39","modified_gmt":"2026-04-28T20:00:39","slug":"about-us","status":"publish","type":"page","link":"https:\/\/steelelement.ee\/en\/","title":{"rendered":"About"},"content":{"rendered":"<p>[vc_row type=&#8221;full_width_content&#8221;][vc_column]\n\t\t\t<!-- START ENG 2 REVOLUTION SLIDER 6.1.5 --><p class=\"rs-p-wp-fix\"><\/p>\n\t\t\t<rs-module-wrap id=\"rev_slider_15_1_wrapper\" data-source=\"gallery\" style=\"background:transparent;padding:0;margin:0px auto;margin-top:0;margin-bottom:0;max-width:none\">\n\t\t\t\t<rs-module id=\"rev_slider_15_1\" style=\"display:none;\" data-version=\"6.1.5\">\n\t\t\t\t\t<rs-slides>\n\t\t\t\t\t\t<rs-slide data-key=\"rs-40\" data-title=\"Slide\" data-duration=\"3000\" data-anim=\"ei:d;eo:d;s:d;r:0;t:notransition;sl:d;\">\n\t\t\t\t\t\t\t<img loading=\"lazy\" decoding=\"async\" src=\"\/\/steelelement.ee\/wp-content\/plugins\/revslider\/public\/assets\/assets\/dummy.png\" alt=\"Steel Element O\u00dc - teraskonstruktsioonide keevitust\u00f6\u00f6d Tallinnas\" title=\"Steel Element &#8211; metallkonstruktsioonide valmistamine\" width=\"2000\" height=\"1333\" data-lazyload=\"\/\/steelelement.ee\/wp-content\/uploads\/2020\/02\/steel_element_KEEVITUS-1024x682.jpg\" data-bg=\"p:center top;r:repeat;\" data-parallax=\"off\" class=\"rev-slidebg\" data-no-retina>\n<!--\n\t\t\t\t\t\t\t--><rs-layer\n\t\t\t\t\t\t\t\tid=\"slider-15-slide-40-layer-3\" \n\t\t\t\t\t\t\t\tclass=\"Gym-Display\"\n\t\t\t\t\t\t\t\tdata-type=\"text\"\n\t\t\t\t\t\t\t\tdata-color=\"rgba(255,255,255,1)\"\n\t\t\t\t\t\t\t\tdata-rsp_ch=\"on\"\n\t\t\t\t\t\t\t\tdata-xy=\"x:c;y:m,m,t,t;yo:97px,97px,450px,272px;\"\n\t\t\t\t\t\t\t\tdata-text=\"w:normal;s:24,24,24,20;l:34,34,30,22;a:center;\"\n\t\t\t\t\t\t\t\tdata-dim=\"w:1087px,941px,674px,435px;h:auto,auto,112px,100px;\"\n\t\t\t\t\t\t\t\tdata-vbility=\"t,t,t,f\"\n\t\t\t\t\t\t\t\tdata-padding=\"t:10;r:10;b:10;l:10;\"\n\t\t\t\t\t\t\t\tdata-frame_0=\"tp:600;\"\n\t\t\t\t\t\t\t\tdata-frame_1=\"tp:600;st:1320;sp:250;sR:1100;\"\n\t\t\t\t\t\t\t\tdata-frame_999=\"st:w;sp:1.875;auto:true;\"\n\t\t\t\t\t\t\t\tstyle=\"z-index:11;background-color:rgba(10,10,10,0.6);font-family:Ubuntu;\"\n\t\t\t\t\t\t\t>From the grandest of steelwork projects to the most modest: Steel Element has the capacity and care to deliver every contract to the same exacting standard \n\t\t\t\t\t\t\t<\/rs-layer><!--\n\n\t\t\t\t\t\t\t--><rs-layer\n\t\t\t\t\t\t\t\tid=\"slider-15-slide-40-layer-5\" \n\t\t\t\t\t\t\t\tclass=\"Gym-Display\"\n\t\t\t\t\t\t\t\tdata-type=\"text\"\n\t\t\t\t\t\t\t\tdata-color=\"#ffffff||#ffffff||rgba(255,255,255,1)||#ffffff\"\n\t\t\t\t\t\t\t\tdata-rsp_ch=\"on\"\n\t\t\t\t\t\t\t\tdata-xy=\"x:c;y:m,m,t,t;yo:-29px,-29px,266px,304px;\"\n\t\t\t\t\t\t\t\tdata-text=\"w:normal;s:60,60,65,60;l:70;a:center;\"\n\t\t\t\t\t\t\t\tdata-dim=\"w:1084px,936px,649px,404px;\"\n\t\t\t\t\t\t\t\tdata-padding=\"r:10,8,6,4;l:10,8,6,4;\"\n\t\t\t\t\t\t\t\tdata-border=\"bor:0px,0,0,0;\"\n\t\t\t\t\t\t\t\tdata-frame_0=\"tp:600;\"\n\t\t\t\t\t\t\t\tdata-frame_1=\"tp:600;st:790;sR:790;\"\n\t\t\t\t\t\t\t\tdata-frame_999=\"st:w;sp:2;auto:true;\"\n\t\t\t\t\t\t\t\tstyle=\"z-index:10;background-color:rgba(10,10,10,0.6);font-family:Ubuntu;\"\n\t\t\t\t\t\t\t>structural steelwork is in our DNA \n\t\t\t\t\t\t\t<\/rs-layer><!--\n\n\t\t\t\t\t\t\t--><rs-layer\n\t\t\t\t\t\t\t\tid=\"slider-15-slide-40-layer-9\" \n\t\t\t\t\t\t\t\tclass=\"Gym-Display\"\n\t\t\t\t\t\t\t\tdata-type=\"text\"\n\t\t\t\t\t\t\t\tdata-color=\"#007380\"\n\t\t\t\t\t\t\t\tdata-rsp_ch=\"on\"\n\t\t\t\t\t\t\t\tdata-xy=\"x:c;y:m,m,t,t;yo:-111px,-111px,180px,165px;\"\n\t\t\t\t\t\t\t\tdata-text=\"w:normal;s:60,60,65,60;l:70;a:center;\"\n\t\t\t\t\t\t\t\tdata-padding=\"r:10;l:10;\"\n\t\t\t\t\t\t\t\tdata-border=\"bor:0px,0,0,0;\"\n\t\t\t\t\t\t\t\tdata-frame_0=\"tp:600;\"\n\t\t\t\t\t\t\t\tdata-frame_1=\"tp:600;st:480;sR:480;\"\n\t\t\t\t\t\t\t\tdata-frame_999=\"st:w;sp:2;auto:true;\"\n\t\t\t\t\t\t\t\tstyle=\"z-index:8;background-color:rgba(10,10,10,0.6);font-family:Ubuntu;\"\n\t\t\t\t\t\t\t>Steel Element \u2013 \n\t\t\t\t\t\t\t<\/rs-layer><!--\n-->\t\t\t\t\t\t<\/rs-slide>\n\t\t\t\t\t<\/rs-slides>\n\t\t\t\t\t<rs-progress style=\"height: 5px; background: rgba(0,0,0,0.15);\"><\/rs-progress>\n\t\t\t\t<\/rs-module>\n\t\t\t\t<script type=\"text\/javascript\">\n\t\t\t\t\tsetREVStartSize({c: 'rev_slider_15_1',rl:[1240,1024,778,480],el:[400,400,700,660],gw:[1240,1024,778,480],gh:[400,400,700,660],layout:'fullwidth',mh:\"0\"});\n\t\t\t\t\tvar\trevapi15,\n\t\t\t\t\t\ttpj;\n\t\t\t\t\tjQuery(function() {\n\t\t\t\t\t\ttpj = jQuery;\n\t\t\t\t\t\tif(tpj(\"#rev_slider_15_1\").revolution == undefined){\n\t\t\t\t\t\t\trevslider_showDoubleJqueryError(\"#rev_slider_15_1\");\n\t\t\t\t\t\t}else{\n\t\t\t\t\t\t\trevapi15 = tpj(\"#rev_slider_15_1\").show().revolution({\n\t\t\t\t\t\t\t\tjsFileLocation:\"\/\/steelelement.ee\/wp-content\/plugins\/revslider\/public\/assets\/js\/\",\n\t\t\t\t\t\t\t\tvisibilityLevels:\"1240,1024,778,480\",\n\t\t\t\t\t\t\t\tgridwidth:\"1240,1024,778,480\",\n\t\t\t\t\t\t\t\tgridheight:\"400,400,700,660\",\n\t\t\t\t\t\t\t\tminHeight:\"\",\n\t\t\t\t\t\t\t\tlazyType:\"smart\",\n\t\t\t\t\t\t\t\teditorheight:\"400,400,700,660\",\n\t\t\t\t\t\t\t\tresponsiveLevels:\"1240,1024,778,480\",\n\t\t\t\t\t\t\t\tnavigation: {\n\t\t\t\t\t\t\t\t\tmouseScrollNavigation:false,\n\t\t\t\t\t\t\t\t\tonHoverStop:false,\n\t\t\t\t\t\t\t\t\ttouch: {\n\t\t\t\t\t\t\t\t\t\ttouchenabled:true,\n\t\t\t\t\t\t\t\t\t\tswipe_min_touches:50\n\t\t\t\t\t\t\t\t\t}\n\t\t\t\t\t\t\t\t},\n\t\t\t\t\t\t\t\tparallax: {\n\t\t\t\t\t\t\t\t\tlevels:[2,3,4,5,6,7,12,16,10,50,47,48,49,50,51,30],\n\t\t\t\t\t\t\t\t\ttype:\"mouse\",\n\t\t\t\t\t\t\t\t\torigo:\"slidercenter\",\n\t\t\t\t\t\t\t\t\tspeed:2000\n\t\t\t\t\t\t\t\t},\n\t\t\t\t\t\t\t\tfallbacks: {\n\t\t\t\t\t\t\t\t\tignoreHeightChanges:\"\",\n\t\t\t\t\t\t\t\t\tallowHTML5AutoPlayOnAndroid:true\n\t\t\t\t\t\t\t\t},\n\t\t\t\t\t\t\t});\n\t\t\t\t\t\t}\n\t\t\t\t\t\t\n\t\t\t\t\t});\n\t\t\t\t<\/script>\n\t\t\t<\/rs-module-wrap>\n\t\t\t<!-- END REVOLUTION SLIDER -->\n[\/vc_column][\/vc_row][vc_row top_padding=&#8221;80&#8243; bottom_padding=&#8221;60&#8243;][vc_column width=&#8221;1\/2&#8243;][media animation=&#8221;none&#8221; link=&#8221;&#8221; image=&#8221;3378&#8243;][\/vc_column][vc_column width=&#8221;1\/2&#8243;][vc_custom_heading text=&#8221;Steel Structures in Tallinn \u2014 Steel Element O\u00dc&#8221; font_container=&#8221;tag:h1|text_align:left|color:%23007380&#8243;][separator width=&#8221;120px&#8221; height=&#8221;1px&#8221; color=&#8221;#e7e7e7&#8243; margin_top=&#8221;-15px&#8221; margin_bottom=&#8221;25px&#8221;][vc_column_text]Steel Element O\u00dc is a leading steel fabrication company in Tallinn, Estonia, established in 2018. We started with a capacity of 50 tonnes of structural steel per month and have grown to process 300 tonnes per month, serving clients in the Agricultural, Commercial, Education, Gas and Oil, Health, Industrial and Power sectors. With 30 experienced staff and a dedicated technical team, Steel Element works with global construction companies and holds international ISO certificates. <a href=\"https:\/\/steelelement.ee\/en\/certificates\/\">Certificates \u203a<\/a> Steel Element&#8217;s philosophy is based on ethical values. We aim to provide professional, reliable and continuity-oriented services to our customers and partners. Steel fabrication is our core expertise. We handle projects of any complexity \u2014 from simple steel structures to large industrial facilities across Estonia and internationally.[\/vc_column_text][vc_btn title=&#8221;Our services&#8221; size=&#8221;lg&#8221; align=&#8221;left&#8221; link=&#8221;url:https%3A%2F%2Fsteelelement.ee%2Fen%2Fservices%2F|title:Services||&#8221;][\/vc_column][\/vc_row][vc_row type=&#8221;full_width_background&#8221; bg_image=&#8221;3378&#8243; bg_position=&#8221;center top&#8221; cover_bg=&#8221;true&#8221; parallax_bg=&#8221;true&#8221; bg_color=&#8221;#121212&#8243; overlay=&#8221;true&#8221; overlay_color=&#8221;rgba(10,10,10,0.8)&#8221; text_color=&#8221;light&#8221; top_padding=&#8221;100&#8243; bottom_padding=&#8221;90&#8243;][vc_column][vc_custom_heading text=&#8221;Steel Element considers&#8221; font_container=&#8221;tag:h2|font_size:30px|text_align:center|color:%23007380|line_height:120%25&#8243; css_animation=&#8221;fadeIn&#8221;][vc_column_text css_animation=&#8221;fadeIn&#8221;]<\/p>\n<p style=\"text-align: center; font-size: 20px; line-height: 150%;\">Quality, on-time delivery and customer satisfaction are the important parameters that Steel Element considers.\u00a0Our company fulfils its responsibilities against people, nature and environment.<\/p>\n<p>[\/vc_column_text][\/vc_column][\/vc_row][vc_row top_padding=&#8221;80&#8243; bottom_padding=&#8221;60&#8243;][vc_column width=&#8221;1\/2&#8243;][vc_custom_heading text=&#8221;Our capabilities include&#8221; font_container=&#8221;tag:h2|text_align:left|color:%23007380&#8243;][separator width=&#8221;120px&#8221; height=&#8221;1px&#8221; color=&#8221;#e7e7e7&#8243; margin_top=&#8221;-15px&#8221; margin_bottom=&#8221;25px&#8221;][list icon=&#8221;steadysets-icon-checkmark&#8221;][list_item title=&#8221;Pre-engineered steel constructions&#8221;][list_item title=&#8221;Prefab steel constructions&#8221;][list_item title=&#8221;Steel bridge structure&#8221;][list_item title=&#8221;Heavy steel fabrication&#8221;][list_item title=&#8221;Offshore steel structures&#8221;][list_item title=&#8221;Pressure vessels&#8221;][list_item title=&#8221;Material handling structures&#8221;][\/list][vc_btn title=&#8221;Contact us&#8221; size=&#8221;lg&#8221; align=&#8221;left&#8221; link=&#8221;url:https%3A%2F%2Fsteelelement.ee%2Fen%2Fcontact%2F|title:Contact||&#8221;][\/vc_column][vc_column width=&#8221;1\/2&#8243;][media animation=&#8221;none&#8221; link=&#8221;&#8221; image=&#8221;3389&#8243;][\/vc_column][\/vc_row][vc_row type=&#8221;full_width_background&#8221; bg_image=&#8221;3540&#8243; bg_position=&#8221;center top&#8221; cover_bg=&#8221;true&#8221; parallax_bg=&#8221;true&#8221; bg_color=&#8221;#121212&#8243; overlay=&#8221;true&#8221; overlay_color=&#8221;rgba(10,10,10,0.8)&#8221; text_color=&#8221;light&#8221; top_padding=&#8221;100&#8243; bottom_padding=&#8221;90&#8243;][vc_column][vc_custom_heading text=&#8221;Steel Element supplies&#8221; font_container=&#8221;tag:h2|font_size:30px|text_align:center|color:%23007380|line_height:120%25&#8243; css_animation=&#8221;fadeIn&#8221; css=&#8221;.vc_custom_1583239277944{margin-bottom: 30px !important;}&#8221;][\/vc_column][vc_column width=&#8221;1\/4&#8243;][vc_column_text css_animation=&#8221;fadeIn&#8221;]<\/p>\n<ul>\n<li style=\"text-align: left;\">steel columns<\/li>\n<li style=\"text-align: left;\">purlins<\/li>\n<li style=\"text-align: left;\">frames<\/li>\n<li style=\"text-align: left;\">trestles<\/li>\n<li style=\"text-align: left;\">beams<\/li>\n<li style=\"text-align: left;\">trusses<\/li>\n<\/ul>\n<p>[\/vc_column_text][\/vc_column][vc_column width=&#8221;1\/4&#8243;][vc_column_text css_animation=&#8221;fadeIn&#8221;]<\/p>\n<ul>\n<li style=\"text-align: left;\">mineral processing plants<\/li>\n<li style=\"text-align: left;\">crusher and screening structures<\/li>\n<li style=\"text-align: left;\">bridges<\/li>\n<li style=\"text-align: left;\">walkways<\/li>\n<li style=\"text-align: left;\">stairs<\/li>\n<\/ul>\n<p>[\/vc_column_text][\/vc_column][vc_column width=&#8221;1\/4&#8243;][vc_column_text css_animation=&#8221;fadeIn&#8221;]<\/p>\n<ul>\n<li style=\"text-align: left;\">platforms<\/li>\n<li style=\"text-align: left;\">handrails<\/li>\n<li style=\"text-align: left;\">guards<\/li>\n<li style=\"text-align: left;\">grating<\/li>\n<li style=\"text-align: left;\">conveyor support<\/li>\n<\/ul>\n<p>[\/vc_column_text][\/vc_column][vc_column width=&#8221;1\/4&#8243;][vc_column_text css_animation=&#8221;fadeIn&#8221;]<\/p>\n<ul>\n<li>conveyor gantries<\/li>\n<li style=\"text-align: left;\">frames<\/li>\n<li style=\"text-align: left;\">towers<\/li>\n<li style=\"text-align: left;\">pipe racks<\/li>\n<li style=\"text-align: left;\">mechanical support steel<\/li>\n<\/ul>\n<p>[\/vc_column_text][\/vc_column][\/vc_row] [vc_row top_padding=&#8221;60&#8243; bottom_padding=&#8221;60&#8243;][vc_column][vc_custom_heading text=&#8221;Certified Quality and European Standards&#8221; font_container=&#8221;tag:h2|text_align:left|color:%23007380&#8243;][separator width=&#8221;120px&#8221; height=&#8221;1px&#8221; color=&#8221;#e7e7e7&#8243; margin_top=&#8221;-15px&#8221; margin_bottom=&#8221;25px&#8221;][vc_column_text]All steel structures by Steel Element O\u00dc are manufactured in strict compliance with international standards. We hold three key certifications: <strong>ISO 9001:2015<\/strong> for quality management, <strong>ISO 3834-2:2021<\/strong> for welding quality requirements, and <strong>EN 1090-2:2018+A1:2024 EXC 3<\/strong> for the manufacture of steel structures. These certificates confirm that every structure meets European Union requirements and is suitable for use in the most demanding facilities \u2014 industrial buildings, bridges, energy facilities, and commercial centers.[\/vc_column_text][\/vc_column][\/vc_row] [vc_row top_padding=&#8221;60&#8243; bottom_padding=&#8221;60&#8243;][vc_column][vc_custom_heading text=&#8221;Production Capacity and Modern Technology&#8221; font_container=&#8221;tag:h2|text_align:left|color:%23007380&#8243;][separator width=&#8221;120px&#8221; height=&#8221;1px&#8221; color=&#8221;#e7e7e7&#8243; margin_top=&#8221;-15px&#8221; margin_bottom=&#8221;25px&#8221;][vc_column_text]Our production facility in Tallinn processes up to <strong>300 tonnes of structural steel per month<\/strong>. We use modern industrial equipment: CNC-controlled cutting and bending machines, automatic welding robots, industrial paint booths, and quality-control measuring devices. This allows us to deliver a full-cycle service from one place \u2014 from design, cutting, and welding to surface treatment, painting, and on-site installation. Our experienced 30-person team \u2014 designers, certified welders, fitters, and quality-control specialists \u2014 ensures every project is delivered professionally and on schedule.[\/vc_column_text][\/vc_column][\/vc_row] [vc_row top_padding=&#8221;60&#8243; bottom_padding=&#8221;80&#8243;][vc_column][vc_custom_heading text=&#8221;Request a Quote Today&#8221; font_container=&#8221;tag:h2|text_align:left|color:%23007380&#8243;][separator width=&#8221;120px&#8221; height=&#8221;1px&#8221; color=&#8221;#e7e7e7&#8243; margin_top=&#8221;-15px&#8221; margin_bottom=&#8221;25px&#8221;][vc_column_text]Planning a new industrial building, warehouse, bridge, or other steel structure? Send us a brief description of your project \u2014 we will provide an initial offer within 1\u20133 business days. Address: Tuukri 54, 10120 Tallinn.[\/vc_column_text][\/vc_column][\/vc_row]<\/p>\n","protected":false},"excerpt":{"rendered":"<p>[vc_row type=&#8221;full_width_content&#8221;][vc_column][\/vc_column][\/vc_row][vc_row top_padding=&#8221;80&#8243; bottom_padding=&#8221;60&#8243;][vc_column width=&#8221;1\/2&#8243;][media animation=&#8221;none&#8221; link=&#8221;&#8221; image=&#8221;3378&#8243;][\/vc_column][vc_column width=&#8221;1\/2&#8243;][vc_custom_heading text=&#8221;Steel Structures in Tallinn \u2014 Steel Element O\u00dc&#8221; font_container=&#8221;tag:h1|text_align:left|color:%23007380&#8243;][separator width=&#8221;120px&#8221; height=&#8221;1px&#8221; color=&#8221;#e7e7e7&#8243; margin_top=&#8221;-15px&#8221; margin_bottom=&#8221;25px&#8221;][vc_column_text]Steel Element O\u00dc is a leading steel fabrication company in Tallinn, Estonia, established in 2018. We started with a capacity of 50 tonnes of structural steel per month and have grown to process [&hellip;]<\/p>\n","protected":false},"author":1,"featured_media":0,"parent":0,"menu_order":0,"comment_status":"closed","ping_status":"closed","template":"","meta":{"footnotes":""},"class_list":["post-3806","page","type-page","status-publish","hentry"],"_links":{"self":[{"href":"https:\/\/steelelement.ee\/en\/wp-json\/wp\/v2\/pages\/3806","targetHints":{"allow":["GET"]}}],"collection":[{"href":"https:\/\/steelelement.ee\/en\/wp-json\/wp\/v2\/pages"}],"about":[{"href":"https:\/\/steelelement.ee\/en\/wp-json\/wp\/v2\/types\/page"}],"author":[{"embeddable":true,"href":"https:\/\/steelelement.ee\/en\/wp-json\/wp\/v2\/users\/1"}],"replies":[{"embeddable":true,"href":"https:\/\/steelelement.ee\/en\/wp-json\/wp\/v2\/comments?post=3806"}],"version-history":[{"count":5,"href":"https:\/\/steelelement.ee\/en\/wp-json\/wp\/v2\/pages\/3806\/revisions"}],"predecessor-version":[{"id":3959,"href":"https:\/\/steelelement.ee\/en\/wp-json\/wp\/v2\/pages\/3806\/revisions\/3959"}],"wp:attachment":[{"href":"https:\/\/steelelement.ee\/en\/wp-json\/wp\/v2\/media?parent=3806"}],"curies":[{"name":"wp","href":"https:\/\/api.w.org\/{rel}","templated":true}]}}